{"id":83,"date":"2024-09-22T01:03:44","date_gmt":"2024-09-21T23:03:44","guid":{"rendered":"https:\/\/thelegacyofmotorhead.com\/?page_id=83"},"modified":"2024-12-05T14:31:24","modified_gmt":"2024-12-05T13:31:24","slug":"band-members","status":"publish","type":"page","link":"https:\/\/thelegacyofmotorhead.com\/index.php\/band-members\/","title":{"rendered":"Band Members"},"content":{"rendered":"\n<p class=\"has-text-align-center has-primary-color has-text-color has-link-color has-xx-large-font-size wp-elements-91621bfa1ae25930a9bdcd3c456249d6\">This is The Legacy Of Motorhead<\/p>\n\n\n\n<p class=\"has-primary-color has-text-color has-link-color has-x-large-font-size wp-elements-f528d9fa74771b516be04bfb2becb25d\"><\/p>\n\n\n\n<div class=\"wp-block-media-text is-stacked-on-mobile\"><figure class=\"wp-block-media-text__media\"><img loading=\"lazy\" decoding=\"async\" width=\"1024\" height=\"886\" data-attachment-id=\"31\" data-permalink=\"https:\/\/thelegacyofmotorhead.com\/img-20240921-wa0012\/\" data-orig-file=\"https:\/\/thelegacyofmotorhead.com\/wp-content\/uploads\/2024\/09\/IMG-20240921-WA0012.jpg\" data-orig-size=\"1080,934\" data-comments-opened=\"1\" data-image-meta=\"{&quot;aperture&quot;:&quot;0&quot;,&quot;credit&quot;:&quot;&quot;,&quot;camera&quot;:&quot;&quot;,&quot;caption&quot;:&quot;&quot;,&quot;created_timestamp&quot;:&quot;0&quot;,&quot;copyright&quot;:&quot;&quot;,&quot;focal_length&quot;:&quot;0&quot;,&quot;iso&quot;:&quot;0&quot;,&quot;shutter_speed&quot;:&quot;0&quot;,&quot;title&quot;:&quot;&quot;,&quot;orientation&quot;:&quot;0&quot;}\" data-image-title=\"API ZGV\" data-image-description=\"\" data-image-caption=\"&lt;p&gt;photo by Katarina Vukoja&lt;\/p&gt;\n\" data-medium-file=\"https:\/\/thelegacyofmotorhead.com\/wp-content\/uploads\/2024\/09\/IMG-20240921-WA0012-300x259.jpg\" data-large-file=\"https:\/\/thelegacyofmotorhead.com\/wp-content\/uploads\/2024\/09\/IMG-20240921-WA0012-1024x886.jpg\" src=\"https:\/\/thelegacyofmotorhead.com\/wp-content\/uploads\/2024\/09\/IMG-20240921-WA0012-1024x886.jpg\" alt=\"\" class=\"wp-image-31 size-full\" srcset=\"https:\/\/thelegacyofmotorhead.com\/wp-content\/uploads\/2024\/09\/IMG-20240921-WA0012-1024x886.jpg 1024w, https:\/\/thelegacyofmotorhead.com\/wp-content\/uploads\/2024\/09\/IMG-20240921-WA0012-300x259.jpg 300w, https:\/\/thelegacyofmotorhead.com\/wp-content\/uploads\/2024\/09\/IMG-20240921-WA0012-768x664.jpg 768w, https:\/\/thelegacyofmotorhead.com\/wp-content\/uploads\/2024\/09\/IMG-20240921-WA0012.jpg 1080w\" sizes=\"auto, (max-width: 1024px) 100vw, 1024px\" \/><\/figure><div class=\"wp-block-media-text__content\">\n<p class=\"has-primary-color has-text-color has-link-color has-x-large-font-size wp-elements-f6987b5a59a4f62a022e4c6cbbc0c372\">MARTIN &#8220;API&#8221; BROZOVI\u0106<\/p>\n\n\n\n<p class=\"has-large-font-size\">Lead singer and bass guitar<\/p>\n<\/div><\/div>\n\n\n\n<p>Photo by Katarina Vukoja<\/p>\n\n\n\n<div class=\"wp-block-media-text has-media-on-the-right is-stacked-on-mobile\"><div class=\"wp-block-media-text__content\">\n<p class=\"has-primary-color has-text-color has-link-color has-x-large-font-size wp-elements-eeffefcf93a65921d8a652256d72b7bd\">DANIJEL VRBOS<\/p>\n\n\n\n<p class=\"has-large-font-size\">Back-up singer and electric guitar<\/p>\n\n\n\n<p>i podni auti\u0107i<\/p>\n<\/div><figure class=\"wp-block-media-text__media\"><img loading=\"lazy\" decoding=\"async\" width=\"833\" height=\"1024\" data-attachment-id=\"29\" data-permalink=\"https:\/\/thelegacyofmotorhead.com\/img-20240921-wa0010\/\" data-orig-file=\"https:\/\/thelegacyofmotorhead.com\/wp-content\/uploads\/2024\/09\/IMG-20240921-WA0010-e1727017575994.jpg\" data-orig-size=\"1014,1246\" data-comments-opened=\"1\" data-image-meta=\"{&quot;aperture&quot;:&quot;0&quot;,&quot;credit&quot;:&quot;&quot;,&quot;camera&quot;:&quot;&quot;,&quot;caption&quot;:&quot;&quot;,&quot;created_timestamp&quot;:&quot;0&quot;,&quot;copyright&quot;:&quot;&quot;,&quot;focal_length&quot;:&quot;0&quot;,&quot;iso&quot;:&quot;0&quot;,&quot;shutter_speed&quot;:&quot;0&quot;,&quot;title&quot;:&quot;&quot;,&quot;orientation&quot;:&quot;0&quot;}\" data-image-title=\"VRBOS KOA\" data-image-description=\"&lt;p&gt;photo by Silvijo Selman&lt;\/p&gt;\n\" data-image-caption=\"&lt;p&gt;photo by Silvijo Selman&lt;\/p&gt;\n\" data-medium-file=\"https:\/\/thelegacyofmotorhead.com\/wp-content\/uploads\/2024\/09\/IMG-20240921-WA0010-e1727017575994-244x300.jpg\" data-large-file=\"https:\/\/thelegacyofmotorhead.com\/wp-content\/uploads\/2024\/09\/IMG-20240921-WA0010-e1727017575994-833x1024.jpg\" src=\"https:\/\/thelegacyofmotorhead.com\/wp-content\/uploads\/2024\/09\/IMG-20240921-WA0010-e1727017575994-833x1024.jpg\" alt=\"\" class=\"wp-image-29 size-full\" srcset=\"https:\/\/thelegacyofmotorhead.com\/wp-content\/uploads\/2024\/09\/IMG-20240921-WA0010-e1727017575994-833x1024.jpg 833w, https:\/\/thelegacyofmotorhead.com\/wp-content\/uploads\/2024\/09\/IMG-20240921-WA0010-e1727017575994-244x300.jpg 244w, https:\/\/thelegacyofmotorhead.com\/wp-content\/uploads\/2024\/09\/IMG-20240921-WA0010-e1727017575994-768x944.jpg 768w, https:\/\/thelegacyofmotorhead.com\/wp-content\/uploads\/2024\/09\/IMG-20240921-WA0010-e1727017575994.jpg 1014w\" sizes=\"auto, (max-width: 833px) 100vw, 833px\" \/><\/figure><\/div>\n\n\n\n<p><\/p>\n\n\n\n<div class=\"wp-block-media-text is-stacked-on-mobile\"><figure class=\"wp-block-media-text__media\"><img loading=\"lazy\" decoding=\"async\" width=\"683\" height=\"1024\" data-attachment-id=\"123\" data-permalink=\"https:\/\/thelegacyofmotorhead.com\/img-20240921-wa0029\/\" data-orig-file=\"https:\/\/thelegacyofmotorhead.com\/wp-content\/uploads\/2024\/09\/IMG-20240921-WA0029.jpg\" data-orig-size=\"1280,1920\" data-comments-opened=\"1\" data-image-meta=\"{&quot;aperture&quot;:&quot;0&quot;,&quot;credit&quot;:&quot;&quot;,&quot;camera&quot;:&quot;&quot;,&quot;caption&quot;:&quot;&quot;,&quot;created_timestamp&quot;:&quot;0&quot;,&quot;copyright&quot;:&quot;&quot;,&quot;focal_length&quot;:&quot;0&quot;,&quot;iso&quot;:&quot;0&quot;,&quot;shutter_speed&quot;:&quot;0&quot;,&quot;title&quot;:&quot;&quot;,&quot;orientation&quot;:&quot;0&quot;}\" data-image-title=\"IMG-20240921-WA0029\" data-image-description=\"\" data-image-caption=\"&lt;p&gt;Gordan GRINGO Ilenic &lt;\/p&gt;\n\" data-medium-file=\"https:\/\/thelegacyofmotorhead.com\/wp-content\/uploads\/2024\/09\/IMG-20240921-WA0029-200x300.jpg\" data-large-file=\"https:\/\/thelegacyofmotorhead.com\/wp-content\/uploads\/2024\/09\/IMG-20240921-WA0029-683x1024.jpg\" src=\"https:\/\/thelegacyofmotorhead.com\/wp-content\/uploads\/2024\/09\/IMG-20240921-WA0029-683x1024.jpg\" alt=\"\" class=\"wp-image-123 size-full\" srcset=\"https:\/\/thelegacyofmotorhead.com\/wp-content\/uploads\/2024\/09\/IMG-20240921-WA0029-683x1024.jpg 683w, https:\/\/thelegacyofmotorhead.com\/wp-content\/uploads\/2024\/09\/IMG-20240921-WA0029-200x300.jpg 200w, https:\/\/thelegacyofmotorhead.com\/wp-content\/uploads\/2024\/09\/IMG-20240921-WA0029-768x1152.jpg 768w, https:\/\/thelegacyofmotorhead.com\/wp-content\/uploads\/2024\/09\/IMG-20240921-WA0029-1024x1536.jpg 1024w, https:\/\/thelegacyofmotorhead.com\/wp-content\/uploads\/2024\/09\/IMG-20240921-WA0029.jpg 1280w\" sizes=\"auto, (max-width: 683px) 100vw, 683px\" \/><\/figure><div class=\"wp-block-media-text__content\">\n<p class=\"has-primary-color has-text-color has-link-color has-x-large-font-size wp-elements-1b687366d0aca63bc1c56fd9c5f55128\">GORDAN &#8220;GRINGO&#8221; ILENI\u0106<\/p>\n\n\n\n<p class=\"has-large-font-size\">Drums<\/p>\n<\/div><\/div>\n\n\n\n<div style=\"height:100px\" aria-hidden=\"true\" class=\"wp-block-spacer\"><\/div>\n\n\n\n<h2 class=\"wp-block-heading has-text-align-center\">Honorable Member<\/h2>\n\n\n\n<div class=\"wp-block-media-text has-media-on-the-right is-stacked-on-mobile\"><div class=\"wp-block-media-text__content\">\n<p class=\"has-primary-color has-text-color has-link-color has-x-large-font-size wp-elements-3ec59a56cc0e3688604ffb1aa156436c\">ILONA SMILJI\u0106<\/p>\n\n\n\n<p class=\"has-large-font-size\">Singer<\/p>\n<\/div><figure class=\"wp-block-media-text__media\"><img loading=\"lazy\" decoding=\"async\" width=\"932\" height=\"1024\" data-attachment-id=\"103\" data-permalink=\"https:\/\/thelegacyofmotorhead.com\/index.php\/events-gallery\/459410625_398308039967067_3020775663102051054_n\/\" data-orig-file=\"https:\/\/thelegacyofmotorhead.com\/wp-content\/uploads\/2024\/09\/459410625_398308039967067_3020775663102051054_n.jpg\" data-orig-size=\"1864,2048\" data-comments-opened=\"1\" data-image-meta=\"{&quot;aperture&quot;:&quot;0&quot;,&quot;credit&quot;:&quot;&quot;,&quot;camera&quot;:&quot;&quot;,&quot;caption&quot;:&quot;&quot;,&quot;created_timestamp&quot;:&quot;0&quot;,&quot;copyright&quot;:&quot;&quot;,&quot;focal_length&quot;:&quot;0&quot;,&quot;iso&quot;:&quot;0&quot;,&quot;shutter_speed&quot;:&quot;0&quot;,&quot;title&quot;:&quot;&quot;,&quot;orientation&quot;:&quot;0&quot;}\" data-image-title=\"ILONA ZGV 1\" data-image-description=\"\" data-image-caption=\"&lt;p&gt;photo by Katarina Vukoja&lt;\/p&gt;\n\" data-medium-file=\"https:\/\/thelegacyofmotorhead.com\/wp-content\/uploads\/2024\/09\/459410625_398308039967067_3020775663102051054_n-273x300.jpg\" data-large-file=\"https:\/\/thelegacyofmotorhead.com\/wp-content\/uploads\/2024\/09\/459410625_398308039967067_3020775663102051054_n-932x1024.jpg\" src=\"https:\/\/thelegacyofmotorhead.com\/wp-content\/uploads\/2024\/09\/459410625_398308039967067_3020775663102051054_n-932x1024.jpg\" alt=\"\" class=\"wp-image-103 size-full\" srcset=\"https:\/\/thelegacyofmotorhead.com\/wp-content\/uploads\/2024\/09\/459410625_398308039967067_3020775663102051054_n-932x1024.jpg 932w, https:\/\/thelegacyofmotorhead.com\/wp-content\/uploads\/2024\/09\/459410625_398308039967067_3020775663102051054_n-273x300.jpg 273w, https:\/\/thelegacyofmotorhead.com\/wp-content\/uploads\/2024\/09\/459410625_398308039967067_3020775663102051054_n-768x844.jpg 768w, https:\/\/thelegacyofmotorhead.com\/wp-content\/uploads\/2024\/09\/459410625_398308039967067_3020775663102051054_n-1398x1536.jpg 1398w, https:\/\/thelegacyofmotorhead.com\/wp-content\/uploads\/2024\/09\/459410625_398308039967067_3020775663102051054_n.jpg 1864w\" sizes=\"auto, (max-width: 932px) 100vw, 932px\" \/><\/figure><\/div>\n\n\n\n<p class=\"has-text-align-right\">Photo by Katarina Vukoja<\/p>\n","protected":false},"excerpt":{"rendered":"<p>This is The Legacy Of Motorhead MARTIN &#8220;API&#8221; BROZOVI\u0106 Lead singer and bass guitar Photo by Katarina Vukoja DANIJEL VRBOS Back-up singer and electric guitar i podni auti\u0107i GORDAN &#8220;GRINGO&#8221; ILENI\u0106 Drums Honorable Member ILONA SMILJI\u0106 Singer Photo by Katarina Vukoja<\/p>\n","protected":false},"author":1,"featured_media":0,"parent":0,"menu_order":0,"comment_status":"closed","ping_status":"closed","template":"","meta":{"footnotes":""},"class_list":["post-83","page","type-page","status-publish","hentry"],"yoast_head":"<!-- This site is optimized with the Yoast SEO plugin v26.6 - https:\/\/yoast.com\/wordpress\/plugins\/seo\/ -->\n<title>Band Members - The Legacy Of Motorhead<\/title>\n<meta name=\"robots\" content=\"index, follow, max-snippet:-1, max-image-preview:large, max-video-preview:-1\" \/>\n<link rel=\"canonical\" href=\"https:\/\/thelegacyofmotorhead.com\/index.php\/band-members\/\" \/>\n<meta property=\"og:locale\" content=\"en_US\" \/>\n<meta property=\"og:type\" content=\"article\" \/>\n<meta property=\"og:title\" content=\"Band Members - The Legacy Of Motorhead\" \/>\n<meta property=\"og:description\" content=\"This is The Legacy Of Motorhead MARTIN &#8220;API&#8221; BROZOVI\u0106 Lead singer and bass guitar Photo by Katarina Vukoja DANIJEL VRBOS Back-up singer and electric guitar i podni auti\u0107i GORDAN &#8220;GRINGO&#8221; ILENI\u0106 Drums Honorable Member ILONA SMILJI\u0106 Singer Photo by Katarina Vukoja\" \/>\n<meta property=\"og:url\" content=\"https:\/\/thelegacyofmotorhead.com\/index.php\/band-members\/\" \/>\n<meta property=\"og:site_name\" content=\"The Legacy Of Motorhead\" \/>\n<meta property=\"article:publisher\" content=\"https:\/\/www.facebook.com\/marchordie2016\" \/>\n<meta property=\"article:modified_time\" content=\"2024-12-05T13:31:24+00:00\" \/>\n<meta property=\"og:image\" content=\"https:\/\/thelegacyofmotorhead.com\/wp-content\/uploads\/2024\/09\/IMG-20240921-WA0012.jpg\" \/>\n\t<meta property=\"og:image:width\" content=\"1080\" \/>\n\t<meta property=\"og:image:height\" content=\"934\" \/>\n\t<meta property=\"og:image:type\" content=\"image\/jpeg\" \/>\n<meta name=\"twitter:card\" content=\"summary_large_image\" \/>\n<meta name=\"twitter:label1\" content=\"Est. reading time\" \/>\n\t<meta name=\"twitter:data1\" content=\"1 minute\" \/>\n<script type=\"application\/ld+json\" class=\"yoast-schema-graph\">{\"@context\":\"https:\/\/schema.org\",\"@graph\":[{\"@type\":\"WebPage\",\"@id\":\"https:\/\/thelegacyofmotorhead.com\/index.php\/band-members\/\",\"url\":\"https:\/\/thelegacyofmotorhead.com\/index.php\/band-members\/\",\"name\":\"Band Members - The Legacy Of Motorhead\",\"isPartOf\":{\"@id\":\"https:\/\/thelegacyofmotorhead.com\/#website\"},\"primaryImageOfPage\":{\"@id\":\"https:\/\/thelegacyofmotorhead.com\/index.php\/band-members\/#primaryimage\"},\"image\":{\"@id\":\"https:\/\/thelegacyofmotorhead.com\/index.php\/band-members\/#primaryimage\"},\"thumbnailUrl\":\"https:\/\/thelegacyofmotorhead.com\/wp-content\/uploads\/2024\/09\/IMG-20240921-WA0012-1024x886.jpg\",\"datePublished\":\"2024-09-21T23:03:44+00:00\",\"dateModified\":\"2024-12-05T13:31:24+00:00\",\"breadcrumb\":{\"@id\":\"https:\/\/thelegacyofmotorhead.com\/index.php\/band-members\/#breadcrumb\"},\"inLanguage\":\"en-US\",\"potentialAction\":[{\"@type\":\"ReadAction\",\"target\":[\"https:\/\/thelegacyofmotorhead.com\/index.php\/band-members\/\"]}]},{\"@type\":\"ImageObject\",\"inLanguage\":\"en-US\",\"@id\":\"https:\/\/thelegacyofmotorhead.com\/index.php\/band-members\/#primaryimage\",\"url\":\"https:\/\/thelegacyofmotorhead.com\/wp-content\/uploads\/2024\/09\/IMG-20240921-WA0012.jpg\",\"contentUrl\":\"https:\/\/thelegacyofmotorhead.com\/wp-content\/uploads\/2024\/09\/IMG-20240921-WA0012.jpg\",\"width\":1080,\"height\":934,\"caption\":\"photo by Katarina Vukoja\"},{\"@type\":\"BreadcrumbList\",\"@id\":\"https:\/\/thelegacyofmotorhead.com\/index.php\/band-members\/#breadcrumb\",\"itemListElement\":[{\"@type\":\"ListItem\",\"position\":1,\"name\":\"Home\",\"item\":\"https:\/\/thelegacyofmotorhead.com\/\"},{\"@type\":\"ListItem\",\"position\":2,\"name\":\"Band Members\"}]},{\"@type\":\"WebSite\",\"@id\":\"https:\/\/thelegacyofmotorhead.com\/#website\",\"url\":\"https:\/\/thelegacyofmotorhead.com\/\",\"name\":\"The Legacy Of Motorhead\",\"description\":\"\",\"publisher\":{\"@id\":\"https:\/\/thelegacyofmotorhead.com\/#organization\"},\"potentialAction\":[{\"@type\":\"SearchAction\",\"target\":{\"@type\":\"EntryPoint\",\"urlTemplate\":\"https:\/\/thelegacyofmotorhead.com\/?s={search_term_string}\"},\"query-input\":{\"@type\":\"PropertyValueSpecification\",\"valueRequired\":true,\"valueName\":\"search_term_string\"}}],\"inLanguage\":\"en-US\"},{\"@type\":\"Organization\",\"@id\":\"https:\/\/thelegacyofmotorhead.com\/#organization\",\"name\":\"The Legacy Of Motorhead\",\"url\":\"https:\/\/thelegacyofmotorhead.com\/\",\"logo\":{\"@type\":\"ImageObject\",\"inLanguage\":\"en-US\",\"@id\":\"https:\/\/thelegacyofmotorhead.com\/#\/schema\/logo\/image\/\",\"url\":\"https:\/\/thelegacyofmotorhead.com\/wp-content\/uploads\/2024\/09\/1000018344-1.png\",\"contentUrl\":\"https:\/\/thelegacyofmotorhead.com\/wp-content\/uploads\/2024\/09\/1000018344-1.png\",\"width\":1413,\"height\":2000,\"caption\":\"The Legacy Of Motorhead\"},\"image\":{\"@id\":\"https:\/\/thelegacyofmotorhead.com\/#\/schema\/logo\/image\/\"},\"sameAs\":[\"https:\/\/www.facebook.com\/marchordie2016\"]}]}<\/script>\n<!-- \/ Yoast SEO plugin. -->","yoast_head_json":{"title":"Band Members - The Legacy Of Motorhead","robots":{"index":"index","follow":"follow","max-snippet":"max-snippet:-1","max-image-preview":"max-image-preview:large","max-video-preview":"max-video-preview:-1"},"canonical":"https:\/\/thelegacyofmotorhead.com\/index.php\/band-members\/","og_locale":"en_US","og_type":"article","og_title":"Band Members - The Legacy Of Motorhead","og_description":"This is The Legacy Of Motorhead MARTIN &#8220;API&#8221; BROZOVI\u0106 Lead singer and bass guitar Photo by Katarina Vukoja DANIJEL VRBOS Back-up singer and electric guitar i podni auti\u0107i GORDAN &#8220;GRINGO&#8221; ILENI\u0106 Drums Honorable Member ILONA SMILJI\u0106 Singer Photo by Katarina Vukoja","og_url":"https:\/\/thelegacyofmotorhead.com\/index.php\/band-members\/","og_site_name":"The Legacy Of Motorhead","article_publisher":"https:\/\/www.facebook.com\/marchordie2016","article_modified_time":"2024-12-05T13:31:24+00:00","og_image":[{"width":1080,"height":934,"url":"https:\/\/thelegacyofmotorhead.com\/wp-content\/uploads\/2024\/09\/IMG-20240921-WA0012.jpg","type":"image\/jpeg"}],"twitter_card":"summary_large_image","twitter_misc":{"Est. reading time":"1 minute"},"schema":{"@context":"https:\/\/schema.org","@graph":[{"@type":"WebPage","@id":"https:\/\/thelegacyofmotorhead.com\/index.php\/band-members\/","url":"https:\/\/thelegacyofmotorhead.com\/index.php\/band-members\/","name":"Band Members - The Legacy Of Motorhead","isPartOf":{"@id":"https:\/\/thelegacyofmotorhead.com\/#website"},"primaryImageOfPage":{"@id":"https:\/\/thelegacyofmotorhead.com\/index.php\/band-members\/#primaryimage"},"image":{"@id":"https:\/\/thelegacyofmotorhead.com\/index.php\/band-members\/#primaryimage"},"thumbnailUrl":"https:\/\/thelegacyofmotorhead.com\/wp-content\/uploads\/2024\/09\/IMG-20240921-WA0012-1024x886.jpg","datePublished":"2024-09-21T23:03:44+00:00","dateModified":"2024-12-05T13:31:24+00:00","breadcrumb":{"@id":"https:\/\/thelegacyofmotorhead.com\/index.php\/band-members\/#breadcrumb"},"inLanguage":"en-US","potentialAction":[{"@type":"ReadAction","target":["https:\/\/thelegacyofmotorhead.com\/index.php\/band-members\/"]}]},{"@type":"ImageObject","inLanguage":"en-US","@id":"https:\/\/thelegacyofmotorhead.com\/index.php\/band-members\/#primaryimage","url":"https:\/\/thelegacyofmotorhead.com\/wp-content\/uploads\/2024\/09\/IMG-20240921-WA0012.jpg","contentUrl":"https:\/\/thelegacyofmotorhead.com\/wp-content\/uploads\/2024\/09\/IMG-20240921-WA0012.jpg","width":1080,"height":934,"caption":"photo by Katarina Vukoja"},{"@type":"BreadcrumbList","@id":"https:\/\/thelegacyofmotorhead.com\/index.php\/band-members\/#breadcrumb","itemListElement":[{"@type":"ListItem","position":1,"name":"Home","item":"https:\/\/thelegacyofmotorhead.com\/"},{"@type":"ListItem","position":2,"name":"Band Members"}]},{"@type":"WebSite","@id":"https:\/\/thelegacyofmotorhead.com\/#website","url":"https:\/\/thelegacyofmotorhead.com\/","name":"The Legacy Of Motorhead","description":"","publisher":{"@id":"https:\/\/thelegacyofmotorhead.com\/#organization"},"potentialAction":[{"@type":"SearchAction","target":{"@type":"EntryPoint","urlTemplate":"https:\/\/thelegacyofmotorhead.com\/?s={search_term_string}"},"query-input":{"@type":"PropertyValueSpecification","valueRequired":true,"valueName":"search_term_string"}}],"inLanguage":"en-US"},{"@type":"Organization","@id":"https:\/\/thelegacyofmotorhead.com\/#organization","name":"The Legacy Of Motorhead","url":"https:\/\/thelegacyofmotorhead.com\/","logo":{"@type":"ImageObject","inLanguage":"en-US","@id":"https:\/\/thelegacyofmotorhead.com\/#\/schema\/logo\/image\/","url":"https:\/\/thelegacyofmotorhead.com\/wp-content\/uploads\/2024\/09\/1000018344-1.png","contentUrl":"https:\/\/thelegacyofmotorhead.com\/wp-content\/uploads\/2024\/09\/1000018344-1.png","width":1413,"height":2000,"caption":"The Legacy Of Motorhead"},"image":{"@id":"https:\/\/thelegacyofmotorhead.com\/#\/schema\/logo\/image\/"},"sameAs":["https:\/\/www.facebook.com\/marchordie2016"]}]}},"jetpack_likes_enabled":true,"jetpack_sharing_enabled":true,"_links":{"self":[{"href":"https:\/\/thelegacyofmotorhead.com\/index.php\/wp-json\/wp\/v2\/pages\/83","targetHints":{"allow":["GET"]}}],"collection":[{"href":"https:\/\/thelegacyofmotorhead.com\/index.php\/wp-json\/wp\/v2\/pages"}],"about":[{"href":"https:\/\/thelegacyofmotorhead.com\/index.php\/wp-json\/wp\/v2\/types\/page"}],"author":[{"embeddable":true,"href":"https:\/\/thelegacyofmotorhead.com\/index.php\/wp-json\/wp\/v2\/users\/1"}],"replies":[{"embeddable":true,"href":"https:\/\/thelegacyofmotorhead.com\/index.php\/wp-json\/wp\/v2\/comments?post=83"}],"version-history":[{"count":9,"href":"https:\/\/thelegacyofmotorhead.com\/index.php\/wp-json\/wp\/v2\/pages\/83\/revisions"}],"predecessor-version":[{"id":523,"href":"https:\/\/thelegacyofmotorhead.com\/index.php\/wp-json\/wp\/v2\/pages\/83\/revisions\/523"}],"wp:attachment":[{"href":"https:\/\/thelegacyofmotorhead.com\/index.php\/wp-json\/wp\/v2\/media?parent=83"}],"curies":[{"name":"wp","href":"https:\/\/api.w.org\/{rel}","templated":true}]}}